{"id":404,"date":"2022-03-06T13:53:14","date_gmt":"2022-03-06T12:53:14","guid":{"rendered":"https:\/\/test.mdfarbenfabrik.de\/?page_id=404"},"modified":"2022-03-06T14:38:36","modified_gmt":"2022-03-06T13:38:36","slug":"datenschutz","status":"publish","type":"page","link":"https:\/\/test.mdfarbenfabrik.de\/?page_id=404","title":{"rendered":"Datenschutz"},"content":{"rendered":"\t\t<div data-elementor-type=\"wp-page\" data-elementor-id=\"404\" class=\"elementor elementor-404\" data-elementor-settings=\"[]\">\n\t\t\t\t\t\t\t<div class=\"elementor-section-wrap\">\n\t\t\t\t\t\t\t<section class=\"elementor-section elementor-top-section elementor-element elementor-element-86cbe49 elementor-section-boxed elementor-section-height-default elementor-section-height-default\" data-id=\"86cbe49\" data-element_type=\"section\">\n\t\t\t\t\t\t<div class=\"elementor-container elementor-column-gap-default\">\n\t\t\t\t\t<div class=\"elementor-column elementor-col-100 elementor-top-column elementor-element elementor-element-e83875a\" data-id=\"e83875a\" data-element_type=\"column\">\n\t\t\t<div class=\"elementor-widget-wrap elementor-element-populated\">\n\t\t\t\t\t\t\t\t<div class=\"elementor-element elementor-element-11fa2e6 elementor-widget elementor-widget-text-editor\" data-id=\"11fa2e6\" data-element_type=\"widget\" data-widget_type=\"text-editor.default\">\n\t\t\t\t<div class=\"elementor-widget-container\">\n\t\t\t<style>\/*! elementor - v3.5.5 - 03-02-2022 *\/\n.elementor-widget-text-editor.elementor-drop-cap-view-stacked .elementor-drop-cap{background-color:#818a91;color:#fff}.elementor-widget-text-editor.elementor-drop-cap-view-framed .elementor-drop-cap{color:#818a91;border:3px solid;background-color:transparent}.elementor-widget-text-editor:not(.elementor-drop-cap-view-default) .elementor-drop-cap{margin-top:8px}.elementor-widget-text-editor:not(.elementor-drop-cap-view-default) .elementor-drop-cap-letter{width:1em;height:1em}.elementor-widget-text-editor .elementor-drop-cap{float:left;text-align:center;line-height:1;font-size:50px}.elementor-widget-text-editor .elementor-drop-cap-letter{display:inline-block}<\/style>\t\t\t\t<p style=\"margin-bottom: 0px; padding-bottom: 2em; font-variant-ligatures: normal; font-variant-caps: normal; font-family: Montserrat, sans-serif; font-size: medium; font-style: normal; font-weight: 400; color: #000000;\"><span style=\"font-family: Montserrat, sans-serif; font-size: 16px; font-weight: 600;\">Allgemeiner Hinweis und Pflichtinformationen<\/span><\/p><p style=\"margin-bottom: 0px; padding-bottom: 2em; font-variant-ligatures: normal; font-variant-caps: normal; font-family: Montserrat, sans-serif; font-size: medium; font-style: normal; font-weight: 400; color: #000000;\"><span style=\"font-family: Montserrat, sans-serif; font-size: 16px; font-weight: 600;\">Benennung der verantwortlichen Stelle<\/span><\/p><p style=\"margin-bottom: 0px; padding-bottom: 2em; font-variant-ligatures: normal; font-variant-caps: normal; font-family: Montserrat, sans-serif; font-size: medium; font-style: normal; font-weight: 400; color: #000000;\">Die verantwortliche Stelle f\u00fcr die Datenverarbeitung auf dieser Website ist:<\/p><p style=\"margin-bottom: 0px; padding-bottom: 2em; font-variant-ligatures: normal; font-variant-caps: normal; font-family: Montserrat, sans-serif; font-size: medium; font-style: normal; font-weight: 400; color: #000000;\"><span style=\"font-family: Montserrat, sans-serif; font-size: 16px;\">M&amp;D Farbenfabrik.de<\/span><br style=\"margin: 0px; padding: 0px;\" \/>Marinko Vukadinovi\u0107 und Darko \u0160are<br style=\"margin: 0px; padding: 0px;\" \/><span style=\"font-family: Montserrat, sans-serif; font-size: 16px;\">Magdeburger Stra\u00dfe 7<\/span><br style=\"margin: 0px; padding: 0px;\" \/><span style=\"font-family: Montserrat, sans-serif; font-size: 16px;\">64331<\/span>\u00a0<span style=\"font-family: Montserrat, sans-serif; font-size: 16px;\">Weiterstadt<\/span><\/p><p style=\"margin-bottom: 0px; padding-bottom: 2em; font-variant-ligatures: normal; font-variant-caps: normal; font-family: Montserrat, sans-serif; font-size: medium; font-style: normal; font-weight: 400; color: #000000;\">\u00a0<\/p><p style=\"margin-bottom: 0px; padding-bottom: 2em; font-variant-ligatures: normal; font-variant-caps: normal; font-family: Montserrat, sans-serif; font-size: medium; font-style: normal; font-weight: 400; color: #000000;\">Die verantwortliche Stelle entscheidet allein oder gemeinsam mit anderen \u00fcber die Zwecke und Mittel der Verarbeitung von personenbezogenen Daten (z.B. Namen, Kontaktdaten o. \u00c4.).<\/p><p style=\"margin-bottom: 0px; padding-bottom: 2em; font-variant-ligatures: normal; font-variant-caps: normal; font-family: Montserrat, sans-serif; font-size: medium; font-style: normal; font-weight: 400; color: #000000;\"><span style=\"font-family: Montserrat, sans-serif; font-size: 16px; font-weight: 600;\">Widerruf Ihrer Einwilligung zur Datenverarbeitung<\/span><\/p><p style=\"margin-bottom: 0px; padding-bottom: 2em; font-variant-ligatures: normal; font-variant-caps: normal; font-family: Montserrat, sans-serif; font-size: medium; font-style: normal; font-weight: 400; color: #000000;\">Nur mit Ihrer ausdr\u00fccklichen Einwilligung sind einige Vorg\u00e4nge der Datenverarbeitung m\u00f6glich. Ein Widerruf Ihrer bereits erteilten Einwilligung ist jederzeit m\u00f6glich. F\u00fcr den Widerruf gen\u00fcgt eine formlose Mitteilung per E-Mail. Die Rechtm\u00e4\u00dfigkeit der bis zum Widerruf erfolgten Datenverarbeitung bleibt vom Widerruf unber\u00fchrt.<\/p><p style=\"margin-bottom: 0px; padding-bottom: 2em; font-variant-ligatures: normal; font-variant-caps: normal; font-family: Montserrat, sans-serif; font-size: medium; font-style: normal; font-weight: 400; color: #000000;\"><span style=\"font-family: Montserrat, sans-serif; font-size: 16px; font-weight: 600;\">Recht auf Beschwerde bei der zust\u00e4ndigen Aufsichtsbeh\u00f6rde<\/span><\/p><p style=\"margin-bottom: 0px; padding-bottom: 2em; font-variant-ligatures: normal; font-variant-caps: normal; font-family: Montserrat, sans-serif; font-size: medium; font-style: normal; font-weight: 400; color: #000000;\">Als Betroffener steht Ihnen im Falle eines datenschutzrechtlichen Versto\u00dfes ein Beschwerderecht bei der zust\u00e4ndigen Aufsichtsbeh\u00f6rde zu. Zust\u00e4ndige Aufsichtsbeh\u00f6rde bez\u00fcglich datenschutzrechtlicher Fragen ist der Landesdatenschutzbeauftragte des Bundeslandes, in dem sich der Sitz unseres Unternehmens befindet. Der folgende Link stellt eine Liste der Datenschutzbeauftragten sowie deren Kontaktdaten bereit:\u00a0<a style=\"font-family: Montserrat, sans-serif; font-size: 16px; color: black;\" href=\"https:\/\/www.bfdi.bund.de\/DE\/Infothek\/Anschriften_Links\/anschriften_links-node.html\" target=\"_blank\" rel=\"noopener\">https:\/\/www.bfdi.bund.de\/DE\/Infothek\/Anschriften_Links\/anschriften_links-node.html<\/a>.<\/p><p style=\"margin-bottom: 0px; padding-bottom: 2em; font-variant-ligatures: normal; font-variant-caps: normal; font-family: Montserrat, sans-serif; font-size: medium; font-style: normal; font-weight: 400; color: #000000;\"><span style=\"font-family: Montserrat, sans-serif; font-size: 16px; font-weight: 600;\">Recht auf Daten\u00fcbertragbarkeit<\/span><\/p><p style=\"margin-bottom: 0px; padding-bottom: 2em; font-variant-ligatures: normal; font-variant-caps: normal; font-family: Montserrat, sans-serif; font-size: medium; font-style: normal; font-weight: 400; color: #000000;\">Ihnen steht das Recht zu, Daten, die wir auf Grundlage Ihrer Einwilligung oder in Erf\u00fcllung eines Vertrags automatisiert verarbeiten, an sich oder an Dritte aush\u00e4ndigen zu lassen. Die Bereitstellung erfolgt in einem maschinenlesbaren Format. Sofern Sie die direkte \u00dcbertragung der Daten an einen anderen Verantwortlichen verlangen, erfolgt dies nur, soweit es technisch machbar ist.<\/p><p style=\"margin-bottom: 0px; padding-bottom: 2em; font-variant-ligatures: normal; font-variant-caps: normal; font-family: Montserrat, sans-serif; font-size: medium; font-style: normal; font-weight: 400; color: #000000;\"><span style=\"font-family: Montserrat, sans-serif; font-size: 16px; font-weight: 600;\">Recht auf Auskunft, Berichtigung, Sperrung, L\u00f6schung<\/span><\/p><p style=\"margin-bottom: 0px; padding-bottom: 2em; font-variant-ligatures: normal; font-variant-caps: normal; font-family: Montserrat, sans-serif; font-size: medium; font-style: normal; font-weight: 400; color: #000000;\">Sie haben jederzeit im Rahmen der geltenden gesetzlichen Bestimmungen das Recht auf unentgeltliche Auskunft \u00fcber Ihre gespeicherten personenbezogenen Daten, Herkunft der Daten, deren Empf\u00e4nger und den Zweck der Datenverarbeitung und ggf. ein Recht auf Berichtigung, Sperrung oder L\u00f6schung dieser Daten. Diesbez\u00fcglich und auch zu weiteren Fragen zum Thema personenbezogene Daten k\u00f6nnen Sie sich jederzeit \u00fcber die im Impressum aufgef\u00fchrten Kontaktm\u00f6glichkeiten an uns wenden.<\/p><p style=\"margin-bottom: 0px; padding-bottom: 2em; font-variant-ligatures: normal; font-variant-caps: normal; font-family: Montserrat, sans-serif; font-size: medium; font-style: normal; font-weight: 400; color: #000000;\"><span style=\"font-family: Montserrat, sans-serif; font-size: 16px; font-weight: 600;\">SSL- bzw. TLS-Verschl\u00fcsselung<\/span><\/p><p style=\"margin-bottom: 0px; padding-bottom: 2em; font-variant-ligatures: normal; font-variant-caps: normal; font-family: Montserrat, sans-serif; font-size: medium; font-style: normal; font-weight: 400; color: #000000;\">Aus Sicherheitsgr\u00fcnden und zum Schutz der \u00dcbertragung vertraulicher Inhalte, die Sie an uns als Seitenbetreiber senden, nutzt unsere Website eine SSL-bzw. TLS-Verschl\u00fcsselung. Damit sind Daten, die Sie \u00fcber diese Website \u00fcbermitteln, f\u00fcr Dritte nicht mitlesbar. Sie erkennen eine verschl\u00fcsselte Verbindung an der https:\/\/ Adresszeile Ihres Browsers und am Schloss-Symbol in der Browserzeile.<\/p><p style=\"margin-bottom: 0px; padding-bottom: 2em; font-variant-ligatures: normal; font-variant-caps: normal; font-family: Montserrat, sans-serif; font-size: medium; font-style: normal; font-weight: 400; color: #000000;\"><span style=\"font-family: Montserrat, sans-serif; font-size: 16px; font-weight: 600;\">Kontaktformular<\/span><\/p><p style=\"margin-bottom: 0px; padding-bottom: 2em; font-variant-ligatures: normal; font-variant-caps: normal; font-family: Montserrat, sans-serif; font-size: medium; font-style: normal; font-weight: 400; color: #000000;\">Per Kontaktformular \u00fcbermittelte Daten werden einschlie\u00dflich Ihrer Kontaktdaten gespeichert, um Ihre Anfrage bearbeiten zu k\u00f6nnen oder um f\u00fcr Anschlussfragen bereitzustehen. Eine Weitergabe dieser Daten findet ohne Ihre Einwilligung nicht statt.<\/p><p style=\"margin-bottom: 0px; padding-bottom: 2em; font-variant-ligatures: normal; font-variant-caps: normal; font-family: Montserrat, sans-serif; font-size: medium; font-style: normal; font-weight: 400; color: #000000;\">Die Verarbeitung der in das Kontaktformular eingegebenen Daten erfolgt ausschlie\u00dflich auf Grundlage Ihrer Einwilligung (Art. 6 Abs. 1 lit. a DSGVO). Ein Widerruf Ihrer bereits erteilten Einwilligung ist jederzeit m\u00f6glich. F\u00fcr den Widerruf gen\u00fcgt eine formlose Mitteilung per E-Mail. Die Rechtm\u00e4\u00dfigkeit der bis zum Widerruf erfolgten Datenverarbeitungsvorg\u00e4nge bleibt vom Widerruf unber\u00fchrt.<\/p><p style=\"margin-bottom: 0px; padding-bottom: 2em; font-variant-ligatures: normal; font-variant-caps: normal; font-family: Montserrat, sans-serif; font-size: medium; font-style: normal; font-weight: 400; color: #000000;\">\u00dcber das Kontaktformular \u00fcbermittelte Daten verbleiben bei uns, bis Sie uns zur L\u00f6schung auffordern, Ihre Einwilligung zur Speicherung widerrufen oder keine Notwendigkeit der Datenspeicherung mehr besteht. Zwingende gesetzliche Bestimmungen &#8211; insbesondere Aufbewahrungsfristen &#8211; bleiben unber\u00fchrt.<\/p><p style=\"margin-bottom: 0px; padding-bottom: 2em; font-variant-ligatures: normal; font-variant-caps: normal; font-family: Montserrat, sans-serif; font-size: medium; font-style: normal; font-weight: 400; color: #000000;\"><small style=\"font-family: Montserrat, sans-serif; font-size: 12.8px;\">Quelle: Datenschutz-Konfigurator von\u00a0<a style=\"font-family: Montserrat, sans-serif; font-size: 12.8px; color: black;\" href=\"http:\/\/www.mein-datenschutzbeauftragter.de\/\" target=\"_blank\" rel=\"noopener\">mein-datenschutzbeauftragter.d<\/a><\/small><\/p>\t\t\t\t\t\t<\/div>\n\t\t\t\t<\/div>\n\t\t\t\t\t<\/div>\n\t\t<\/div>\n\t\t\t\t\t\t\t<\/div>\n\t\t<\/section>\n\t\t\t\t\t\t<\/div>\n\t\t\t\t\t<\/div>\n\t\t","protected":false},"excerpt":{"rendered":"<p>Allgemeiner Hinweis und Pflichtinformationen Benennung der verantwortlichen Stelle Die verantwortliche Stelle f\u00fcr die Datenverarbeitung auf dieser Website ist: M&amp;D Farbenfabrik.deMarinko Vukadinovi\u0107 und Darko \u0160areMagdeburger Stra\u00dfe 764331\u00a0Weiterstadt \u00a0 Die verantwortliche Stelle entscheidet allein oder gemeinsam mit anderen \u00fcber die Zwecke und Mittel der Verarbeitung von personenbezogenen Daten (z.B. Namen, Kontaktdaten o. \u00c4.). Widerruf Ihrer Einwilligung zur [&hellip;]<\/p>\n","protected":false},"author":1,"featured_media":0,"parent":0,"menu_order":0,"comment_status":"closed","ping_status":"closed","template":"","meta":{"footnotes":""},"class_list":["post-404","page","type-page","status-publish","hentry","entry"],"yoast_head":"<!-- This site is optimized with the Yoast SEO plugin v18.1 - https:\/\/yoast.com\/wordpress\/plugins\/seo\/ -->\n<title>Datenschutz - M&amp;D Farbenfabrik<\/title>\n<meta name=\"robots\" content=\"noindex, follow, max-snippet:-1, max-image-preview:large, max-video-preview:-1\" \/>\n<meta property=\"og:locale\" content=\"de_DE\" \/>\n<meta property=\"og:type\" content=\"article\" \/>\n<meta property=\"og:title\" content=\"Datenschutz - M&amp;D Farbenfabrik\" \/>\n<meta property=\"og:description\" content=\"Allgemeiner Hinweis und Pflichtinformationen Benennung der verantwortlichen Stelle Die verantwortliche Stelle f\u00fcr die Datenverarbeitung auf dieser Website ist: M&amp;D Farbenfabrik.deMarinko Vukadinovi\u0107 und Darko \u0160areMagdeburger Stra\u00dfe 764331\u00a0Weiterstadt \u00a0 Die verantwortliche Stelle entscheidet allein oder gemeinsam mit anderen \u00fcber die Zwecke und Mittel der Verarbeitung von personenbezogenen Daten (z.B. Namen, Kontaktdaten o. \u00c4.). Widerruf Ihrer Einwilligung zur [&hellip;]\" \/>\n<meta property=\"og:url\" content=\"https:\/\/test.mdfarbenfabrik.de\/?page_id=404\" \/>\n<meta property=\"og:site_name\" content=\"M&amp;D Farbenfabrik\" \/>\n<meta property=\"article:modified_time\" content=\"2022-03-06T13:38:36+00:00\" \/>\n<meta name=\"twitter:card\" content=\"summary_large_image\" \/>\n<meta name=\"twitter:label1\" content=\"Gesch\u00e4tzte Lesezeit\" \/>\n\t<meta name=\"twitter:data1\" content=\"3\u00a0Minuten\" \/>\n<script type=\"application\/ld+json\" class=\"yoast-schema-graph\">{\"@context\":\"https:\/\/schema.org\",\"@graph\":[{\"@type\":\"WebSite\",\"@id\":\"https:\/\/test.mdfarbenfabrik.de\/#website\",\"url\":\"https:\/\/test.mdfarbenfabrik.de\/\",\"name\":\"M&amp;D Farbenfabrik\",\"description\":\"Ihr Malerfachbetrieb aus Darmstadt &amp; Umgebung\",\"potentialAction\":[{\"@type\":\"SearchAction\",\"target\":{\"@type\":\"EntryPoint\",\"urlTemplate\":\"https:\/\/test.mdfarbenfabrik.de\/?s={search_term_string}\"},\"query-input\":\"required name=search_term_string\"}],\"inLanguage\":\"de\"},{\"@type\":\"WebPage\",\"@id\":\"https:\/\/test.mdfarbenfabrik.de\/?page_id=404#webpage\",\"url\":\"https:\/\/test.mdfarbenfabrik.de\/?page_id=404\",\"name\":\"Datenschutz - M&amp;D Farbenfabrik\",\"isPartOf\":{\"@id\":\"https:\/\/test.mdfarbenfabrik.de\/#website\"},\"datePublished\":\"2022-03-06T12:53:14+00:00\",\"dateModified\":\"2022-03-06T13:38:36+00:00\",\"breadcrumb\":{\"@id\":\"https:\/\/test.mdfarbenfabrik.de\/?page_id=404#breadcrumb\"},\"inLanguage\":\"de\",\"potentialAction\":[{\"@type\":\"ReadAction\",\"target\":[\"https:\/\/test.mdfarbenfabrik.de\/?page_id=404\"]}]},{\"@type\":\"BreadcrumbList\",\"@id\":\"https:\/\/test.mdfarbenfabrik.de\/?page_id=404#breadcrumb\",\"itemListElement\":[{\"@type\":\"ListItem\",\"position\":1,\"name\":\"Startseite\",\"item\":\"https:\/\/test.mdfarbenfabrik.de\/\"},{\"@type\":\"ListItem\",\"position\":2,\"name\":\"Datenschutz\"}]}]}<\/script>\n<!-- \/ Yoast SEO plugin. -->","yoast_head_json":{"title":"Datenschutz - M&amp;D Farbenfabrik","robots":{"index":"noindex","follow":"follow","max-snippet":"max-snippet:-1","max-image-preview":"max-image-preview:large","max-video-preview":"max-video-preview:-1"},"og_locale":"de_DE","og_type":"article","og_title":"Datenschutz - M&amp;D Farbenfabrik","og_description":"Allgemeiner Hinweis und Pflichtinformationen Benennung der verantwortlichen Stelle Die verantwortliche Stelle f\u00fcr die Datenverarbeitung auf dieser Website ist: M&amp;D Farbenfabrik.deMarinko Vukadinovi\u0107 und Darko \u0160areMagdeburger Stra\u00dfe 764331\u00a0Weiterstadt \u00a0 Die verantwortliche Stelle entscheidet allein oder gemeinsam mit anderen \u00fcber die Zwecke und Mittel der Verarbeitung von personenbezogenen Daten (z.B. Namen, Kontaktdaten o. \u00c4.). Widerruf Ihrer Einwilligung zur [&hellip;]","og_url":"https:\/\/test.mdfarbenfabrik.de\/?page_id=404","og_site_name":"M&amp;D Farbenfabrik","article_modified_time":"2022-03-06T13:38:36+00:00","twitter_card":"summary_large_image","twitter_misc":{"Gesch\u00e4tzte Lesezeit":"3\u00a0Minuten"},"schema":{"@context":"https:\/\/schema.org","@graph":[{"@type":"WebSite","@id":"https:\/\/test.mdfarbenfabrik.de\/#website","url":"https:\/\/test.mdfarbenfabrik.de\/","name":"M&amp;D Farbenfabrik","description":"Ihr Malerfachbetrieb aus Darmstadt &amp; Umgebung","potentialAction":[{"@type":"SearchAction","target":{"@type":"EntryPoint","urlTemplate":"https:\/\/test.mdfarbenfabrik.de\/?s={search_term_string}"},"query-input":"required name=search_term_string"}],"inLanguage":"de"},{"@type":"WebPage","@id":"https:\/\/test.mdfarbenfabrik.de\/?page_id=404#webpage","url":"https:\/\/test.mdfarbenfabrik.de\/?page_id=404","name":"Datenschutz - M&amp;D Farbenfabrik","isPartOf":{"@id":"https:\/\/test.mdfarbenfabrik.de\/#website"},"datePublished":"2022-03-06T12:53:14+00:00","dateModified":"2022-03-06T13:38:36+00:00","breadcrumb":{"@id":"https:\/\/test.mdfarbenfabrik.de\/?page_id=404#breadcrumb"},"inLanguage":"de","potentialAction":[{"@type":"ReadAction","target":["https:\/\/test.mdfarbenfabrik.de\/?page_id=404"]}]},{"@type":"BreadcrumbList","@id":"https:\/\/test.mdfarbenfabrik.de\/?page_id=404#breadcrumb","itemListElement":[{"@type":"ListItem","position":1,"name":"Startseite","item":"https:\/\/test.mdfarbenfabrik.de\/"},{"@type":"ListItem","position":2,"name":"Datenschutz"}]}]}},"_links":{"self":[{"href":"https:\/\/test.mdfarbenfabrik.de\/index.php?rest_route=\/wp\/v2\/pages\/404","targetHints":{"allow":["GET"]}}],"collection":[{"href":"https:\/\/test.mdfarbenfabrik.de\/index.php?rest_route=\/wp\/v2\/pages"}],"about":[{"href":"https:\/\/test.mdfarbenfabrik.de\/index.php?rest_route=\/wp\/v2\/types\/page"}],"author":[{"embeddable":true,"href":"https:\/\/test.mdfarbenfabrik.de\/index.php?rest_route=\/wp\/v2\/users\/1"}],"replies":[{"embeddable":true,"href":"https:\/\/test.mdfarbenfabrik.de\/index.php?rest_route=%2Fwp%2Fv2%2Fcomments&post=404"}],"version-history":[{"count":6,"href":"https:\/\/test.mdfarbenfabrik.de\/index.php?rest_route=\/wp\/v2\/pages\/404\/revisions"}],"predecessor-version":[{"id":437,"href":"https:\/\/test.mdfarbenfabrik.de\/index.php?rest_route=\/wp\/v2\/pages\/404\/revisions\/437"}],"wp:attachment":[{"href":"https:\/\/test.mdfarbenfabrik.de\/index.php?rest_route=%2Fwp%2Fv2%2Fmedia&parent=404"}],"curies":[{"name":"wp","href":"https:\/\/api.w.org\/{rel}","templated":true}]}}