{"id":402,"date":"2022-03-06T13:51:33","date_gmt":"2022-03-06T12:51:33","guid":{"rendered":"https:\/\/test.mdfarbenfabrik.de\/?page_id=402"},"modified":"2022-04-03T11:31:38","modified_gmt":"2022-04-03T09:31:38","slug":"impressum","status":"publish","type":"page","link":"https:\/\/test.mdfarbenfabrik.de\/?page_id=402","title":{"rendered":"Impressum"},"content":{"rendered":"\t\t<div data-elementor-type=\"wp-page\" data-elementor-id=\"402\" class=\"elementor elementor-402\" data-elementor-settings=\"[]\">\n\t\t\t\t\t\t\t<div class=\"elementor-section-wrap\">\n\t\t\t\t\t\t\t<section class=\"elementor-section elementor-top-section elementor-element elementor-element-9c03396 elementor-section-boxed elementor-section-height-default elementor-section-height-default\" data-id=\"9c03396\" data-element_type=\"section\">\n\t\t\t\t\t\t<div class=\"elementor-container elementor-column-gap-default\">\n\t\t\t\t\t<div class=\"elementor-column elementor-col-100 elementor-top-column elementor-element elementor-element-dbf3e3a\" data-id=\"dbf3e3a\" data-element_type=\"column\">\n\t\t\t<div class=\"elementor-widget-wrap elementor-element-populated\">\n\t\t\t\t\t\t\t\t<div class=\"elementor-element elementor-element-fa780eb elementor-widget elementor-widget-text-editor\" data-id=\"fa780eb\" data-element_type=\"widget\" data-widget_type=\"text-editor.default\">\n\t\t\t\t<div class=\"elementor-widget-container\">\n\t\t\t<style>\/*! elementor - v3.5.5 - 03-02-2022 *\/\n.elementor-widget-text-editor.elementor-drop-cap-view-stacked .elementor-drop-cap{background-color:#818a91;color:#fff}.elementor-widget-text-editor.elementor-drop-cap-view-framed .elementor-drop-cap{color:#818a91;border:3px solid;background-color:transparent}.elementor-widget-text-editor:not(.elementor-drop-cap-view-default) .elementor-drop-cap{margin-top:8px}.elementor-widget-text-editor:not(.elementor-drop-cap-view-default) .elementor-drop-cap-letter{width:1em;height:1em}.elementor-widget-text-editor .elementor-drop-cap{float:left;text-align:center;line-height:1;font-size:50px}.elementor-widget-text-editor .elementor-drop-cap-letter{display:inline-block}<\/style>\t\t\t\t&nbsp;\n<h1>Marinko Vukadinovi\u0107 und Darko \u0160are GbR<\/h1>\n<div>Magdeburger Stra\u00dfe\n64331 Weiterstadt<\/div>\n<h3>Kontakt<\/h3>\n<div>info@mdfarbenfabrik.de\n+49 0176 22069326<\/div>\n<h3>Inhaber<\/h3>\n<div>Marinko Vukadinovi\u0107 und Darko \u0160are<\/div>\n<h3>Umsatzsteuer- und Identifikationsnummer<\/h3>\n<div>USt-IdNr.: DE350733277<\/div>\t\t\t\t\t\t<\/div>\n\t\t\t\t<\/div>\n\t\t\t\t\t<\/div>\n\t\t<\/div>\n\t\t\t\t\t\t\t<\/div>\n\t\t<\/section>\n\t\t\t\t\t\t<\/div>\n\t\t\t\t\t<\/div>\n\t\t","protected":false},"excerpt":{"rendered":"<p>&nbsp; Marinko Vukadinovi\u0107 und Darko \u0160are GbR Magdeburger Stra\u00dfe 64331 Weiterstadt Kontakt info@mdfarbenfabrik.de +49 0176 22069326 Inhaber Marinko Vukadinovi\u0107 und Darko \u0160are Umsatzsteuer- und Identifikationsnummer USt-IdNr.: DE350733277<\/p>\n","protected":false},"author":1,"featured_media":0,"parent":0,"menu_order":0,"comment_status":"closed","ping_status":"closed","template":"","meta":{"footnotes":""},"class_list":["post-402","page","type-page","status-publish","hentry","entry"],"yoast_head":"<!-- This site is optimized with the Yoast SEO plugin v18.1 - https:\/\/yoast.com\/wordpress\/plugins\/seo\/ -->\n<title>Impressum - M&amp;D Farbenfabrik<\/title>\n<meta name=\"robots\" content=\"noindex, follow, max-snippet:-1, max-image-preview:large, max-video-preview:-1\" \/>\n<meta property=\"og:locale\" content=\"de_DE\" \/>\n<meta property=\"og:type\" content=\"article\" \/>\n<meta property=\"og:title\" content=\"Impressum - M&amp;D Farbenfabrik\" \/>\n<meta property=\"og:description\" content=\"&nbsp; Marinko Vukadinovi\u0107 und Darko \u0160are GbR Magdeburger Stra\u00dfe 64331 Weiterstadt Kontakt info@mdfarbenfabrik.de +49 0176 22069326 Inhaber Marinko Vukadinovi\u0107 und Darko \u0160are Umsatzsteuer- und Identifikationsnummer USt-IdNr.: DE350733277\" \/>\n<meta property=\"og:url\" content=\"https:\/\/test.mdfarbenfabrik.de\/?page_id=402\" \/>\n<meta property=\"og:site_name\" content=\"M&amp;D Farbenfabrik\" \/>\n<meta property=\"article:modified_time\" content=\"2022-04-03T09:31:38+00:00\" \/>\n<meta name=\"twitter:card\" content=\"summary_large_image\" \/>\n<meta name=\"twitter:label1\" content=\"Gesch\u00e4tzte Lesezeit\" \/>\n\t<meta name=\"twitter:data1\" content=\"1\u00a0Minute\" \/>\n<script type=\"application\/ld+json\" class=\"yoast-schema-graph\">{\"@context\":\"https:\/\/schema.org\",\"@graph\":[{\"@type\":\"WebSite\",\"@id\":\"https:\/\/test.mdfarbenfabrik.de\/#website\",\"url\":\"https:\/\/test.mdfarbenfabrik.de\/\",\"name\":\"M&amp;D Farbenfabrik\",\"description\":\"Ihr Malerfachbetrieb aus Darmstadt &amp; Umgebung\",\"potentialAction\":[{\"@type\":\"SearchAction\",\"target\":{\"@type\":\"EntryPoint\",\"urlTemplate\":\"https:\/\/test.mdfarbenfabrik.de\/?s={search_term_string}\"},\"query-input\":\"required name=search_term_string\"}],\"inLanguage\":\"de\"},{\"@type\":\"WebPage\",\"@id\":\"https:\/\/test.mdfarbenfabrik.de\/?page_id=402#webpage\",\"url\":\"https:\/\/test.mdfarbenfabrik.de\/?page_id=402\",\"name\":\"Impressum - M&amp;D Farbenfabrik\",\"isPartOf\":{\"@id\":\"https:\/\/test.mdfarbenfabrik.de\/#website\"},\"datePublished\":\"2022-03-06T12:51:33+00:00\",\"dateModified\":\"2022-04-03T09:31:38+00:00\",\"breadcrumb\":{\"@id\":\"https:\/\/test.mdfarbenfabrik.de\/?page_id=402#breadcrumb\"},\"inLanguage\":\"de\",\"potentialAction\":[{\"@type\":\"ReadAction\",\"target\":[\"https:\/\/test.mdfarbenfabrik.de\/?page_id=402\"]}]},{\"@type\":\"BreadcrumbList\",\"@id\":\"https:\/\/test.mdfarbenfabrik.de\/?page_id=402#breadcrumb\",\"itemListElement\":[{\"@type\":\"ListItem\",\"position\":1,\"name\":\"Startseite\",\"item\":\"https:\/\/test.mdfarbenfabrik.de\/\"},{\"@type\":\"ListItem\",\"position\":2,\"name\":\"Impressum\"}]}]}<\/script>\n<!-- \/ Yoast SEO plugin. -->","yoast_head_json":{"title":"Impressum - M&amp;D Farbenfabrik","robots":{"index":"noindex","follow":"follow","max-snippet":"max-snippet:-1","max-image-preview":"max-image-preview:large","max-video-preview":"max-video-preview:-1"},"og_locale":"de_DE","og_type":"article","og_title":"Impressum - M&amp;D Farbenfabrik","og_description":"&nbsp; Marinko Vukadinovi\u0107 und Darko \u0160are GbR Magdeburger Stra\u00dfe 64331 Weiterstadt Kontakt info@mdfarbenfabrik.de +49 0176 22069326 Inhaber Marinko Vukadinovi\u0107 und Darko \u0160are Umsatzsteuer- und Identifikationsnummer USt-IdNr.: DE350733277","og_url":"https:\/\/test.mdfarbenfabrik.de\/?page_id=402","og_site_name":"M&amp;D Farbenfabrik","article_modified_time":"2022-04-03T09:31:38+00:00","twitter_card":"summary_large_image","twitter_misc":{"Gesch\u00e4tzte Lesezeit":"1\u00a0Minute"},"schema":{"@context":"https:\/\/schema.org","@graph":[{"@type":"WebSite","@id":"https:\/\/test.mdfarbenfabrik.de\/#website","url":"https:\/\/test.mdfarbenfabrik.de\/","name":"M&amp;D Farbenfabrik","description":"Ihr Malerfachbetrieb aus Darmstadt &amp; Umgebung","potentialAction":[{"@type":"SearchAction","target":{"@type":"EntryPoint","urlTemplate":"https:\/\/test.mdfarbenfabrik.de\/?s={search_term_string}"},"query-input":"required name=search_term_string"}],"inLanguage":"de"},{"@type":"WebPage","@id":"https:\/\/test.mdfarbenfabrik.de\/?page_id=402#webpage","url":"https:\/\/test.mdfarbenfabrik.de\/?page_id=402","name":"Impressum - M&amp;D Farbenfabrik","isPartOf":{"@id":"https:\/\/test.mdfarbenfabrik.de\/#website"},"datePublished":"2022-03-06T12:51:33+00:00","dateModified":"2022-04-03T09:31:38+00:00","breadcrumb":{"@id":"https:\/\/test.mdfarbenfabrik.de\/?page_id=402#breadcrumb"},"inLanguage":"de","potentialAction":[{"@type":"ReadAction","target":["https:\/\/test.mdfarbenfabrik.de\/?page_id=402"]}]},{"@type":"BreadcrumbList","@id":"https:\/\/test.mdfarbenfabrik.de\/?page_id=402#breadcrumb","itemListElement":[{"@type":"ListItem","position":1,"name":"Startseite","item":"https:\/\/test.mdfarbenfabrik.de\/"},{"@type":"ListItem","position":2,"name":"Impressum"}]}]}},"_links":{"self":[{"href":"https:\/\/test.mdfarbenfabrik.de\/index.php?rest_route=\/wp\/v2\/pages\/402","targetHints":{"allow":["GET"]}}],"collection":[{"href":"https:\/\/test.mdfarbenfabrik.de\/index.php?rest_route=\/wp\/v2\/pages"}],"about":[{"href":"https:\/\/test.mdfarbenfabrik.de\/index.php?rest_route=\/wp\/v2\/types\/page"}],"author":[{"embeddable":true,"href":"https:\/\/test.mdfarbenfabrik.de\/index.php?rest_route=\/wp\/v2\/users\/1"}],"replies":[{"embeddable":true,"href":"https:\/\/test.mdfarbenfabrik.de\/index.php?rest_route=%2Fwp%2Fv2%2Fcomments&post=402"}],"version-history":[{"count":9,"href":"https:\/\/test.mdfarbenfabrik.de\/index.php?rest_route=\/wp\/v2\/pages\/402\/revisions"}],"predecessor-version":[{"id":477,"href":"https:\/\/test.mdfarbenfabrik.de\/index.php?rest_route=\/wp\/v2\/pages\/402\/revisions\/477"}],"wp:attachment":[{"href":"https:\/\/test.mdfarbenfabrik.de\/index.php?rest_route=%2Fwp%2Fv2%2Fmedia&parent=402"}],"curies":[{"name":"wp","href":"https:\/\/api.w.org\/{rel}","templated":true}]}}